{"id":1483,"date":"2025-07-19T13:56:30","date_gmt":"2025-07-19T12:56:30","guid":{"rendered":"https:\/\/chilimosa.com\/?page_id=1483"},"modified":"2025-07-19T14:07:41","modified_gmt":"2025-07-19T13:07:41","slug":"tarjeta-fidelidad","status":"publish","type":"page","link":"https:\/\/chilimosa.com\/en\/tarjeta-fidelidad\/","title":{"rendered":"Loyalty Card"},"content":{"rendered":"<div data-elementor-type=\"wp-page\" data-elementor-id=\"1483\" class=\"elementor elementor-1483\" data-elementor-post-type=\"page\">\n\t\t\t\t<div class=\"elementor-element elementor-element-20fc3a9 e-flex e-con-boxed e-con e-parent\" data-id=\"20fc3a9\" data-element_type=\"container\" data-e-type=\"container\">\n\t\t\t\t\t<div class=\"e-con-inner\">\n\t\t\t\t<div class=\"elementor-element elementor-element-efd6a9a uael-heading-align-center elementor-widget elementor-widget-uael-advanced-heading\" data-id=\"efd6a9a\" data-element_type=\"widget\" data-e-type=\"widget\" data-widget_type=\"uael-advanced-heading.default\">\n\t\t\t\t\t\t<div class=\"elementor-widget-container\">\n\t\t\t\t\t\n\t\t<div class=\"uael-module-content uael-heading-wrapper\">\n\t\t\t\t\t\t\n\t\t\t<h2 class=\"uael-heading\">\n\t\t\t\t\t\t\t\t\t\t<span class=\"uael-heading-text elementor-inline-editing uael-size--default\" data-elementor-setting-key=\"heading_title\" data-elementor-inline-editing-toolbar=\"basic\">Introducing the Chilimosa loyalty card<\/span>\n\t\t\t\t\t\t\t<\/h2>\n\n\t\t\t\n\t\t\t\n\t\t\t\n\t\t\t\t\t\t<\/div>\n\t\t\t\t\t\t<\/div>\n\t\t\t\t<\/div>\n\t\t\t\t<div class=\"elementor-element elementor-element-3628673 elementor-widget elementor-widget-image\" data-id=\"3628673\" data-element_type=\"widget\" data-e-type=\"widget\" data-widget_type=\"image.default\">\n\t\t\t\t\t\t<div class=\"elementor-widget-container\">\n\t\t\t\t\t\t\t\t\t\t\t\t\t\t\t<img fetchpriority=\"high\" decoding=\"async\" width=\"500\" height=\"1024\" src=\"https:\/\/chilimosa.com\/wp-content\/uploads\/Stamp-Card-Chilimosa-Phone-Screen-500x1024.webp\" class=\"attachment-large size-large wp-image-1485\" alt=\"\" srcset=\"https:\/\/chilimosa.com\/wp-content\/uploads\/Stamp-Card-Chilimosa-Phone-Screen-500x1024.webp 500w, https:\/\/chilimosa.com\/wp-content\/uploads\/Stamp-Card-Chilimosa-Phone-Screen-147x300.webp 147w, https:\/\/chilimosa.com\/wp-content\/uploads\/Stamp-Card-Chilimosa-Phone-Screen-768x1572.webp 768w, https:\/\/chilimosa.com\/wp-content\/uploads\/Stamp-Card-Chilimosa-Phone-Screen-751x1536.webp 751w, https:\/\/chilimosa.com\/wp-content\/uploads\/Stamp-Card-Chilimosa-Phone-Screen-1001x2048.webp 1001w, https:\/\/chilimosa.com\/wp-content\/uploads\/Stamp-Card-Chilimosa-Phone-Screen-6x12.webp 6w, https:\/\/chilimosa.com\/wp-content\/uploads\/Stamp-Card-Chilimosa-Phone-Screen-600x1228.webp 600w, https:\/\/chilimosa.com\/wp-content\/uploads\/Stamp-Card-Chilimosa-Phone-Screen.webp 1080w\" sizes=\"(max-width: 500px) 100vw, 500px\" \/>\t\t\t\t\t\t\t\t\t\t\t\t\t\t\t<\/div>\n\t\t\t\t<\/div>\n\t\t\t\t<div class=\"elementor-element elementor-element-fa6a6c1 elementor-widget elementor-widget-text-editor\" data-id=\"fa6a6c1\" data-element_type=\"widget\" data-e-type=\"widget\" data-widget_type=\"text-editor.default\">\n\t\t\t\t\t\t<div class=\"elementor-widget-container\">\n\t\t\t\t\t\t\t\t\t<p data-blockid=\"94be2479-7ae1-45f9-a09f-499a54157673\" data-depth=\"0\" data-pm-slice=\"1 1 []\">At Chilimosa, we love seeing our customers return time and time again, enjoying our vegetarian and vegan options. With our new loyalty card, we want to reward your loyalty and make every visit even more special. Every time you visit, you&#039;ll collect stamps that will give you access to exclusive discounts. It&#039;s our way of saying thank you for being part of our family and for choosing to eat well!<\/p>\t\t\t\t\t\t\t\t<\/div>\n\t\t\t\t<\/div>\n\t\t\t\t<div class=\"elementor-element elementor-element-1399eb4 elementor-align-center elementor-widget elementor-widget-button\" data-id=\"1399eb4\" data-element_type=\"widget\" data-e-type=\"widget\" data-widget_type=\"button.default\">\n\t\t\t\t\t\t<div class=\"elementor-widget-container\">\n\t\t\t\t\t\t\t\t\t<div class=\"elementor-button-wrapper\">\n\t\t\t\t\t<a class=\"elementor-button elementor-button-link elementor-size-sm\" href=\"https:\/\/wallicards.com\/chilimosa\">\n\t\t\t\t\t\t<span class=\"elementor-button-content-wrapper\">\n\t\t\t\t\t\t\t\t\t<span class=\"elementor-button-text\">Register Here<\/span>\n\t\t\t\t\t<\/span>\n\t\t\t\t\t<\/a>\n\t\t\t\t<\/div>\n\t\t\t\t\t\t\t\t<\/div>\n\t\t\t\t<\/div>\n\t\t\t\t\t<\/div>\n\t\t\t\t<\/div>\n\t\t\t\t<\/div>","protected":false},"excerpt":{"rendered":"<p>Presentamos la tarjeta de fidelidad Chilimosa En Chilimosa, nos encanta ver a nuestros clientes regresar una y otra vez, disfrutando de nuestras opciones vegetarianas y veganas. Con nuestra nueva tarjeta de fidelidad, queremos recompensar tu lealtad y hacer cada visita a\u00fan m\u00e1s especial. Cada vez que vengas, acumular\u00e1s sellos que te acercar\u00e1n a descuentos exclusivos. [&hellip;]<\/p>\n","protected":false},"author":1,"featured_media":0,"parent":0,"menu_order":0,"comment_status":"closed","ping_status":"closed","template":"","meta":{"_monsterinsights_skip_tracking":false,"_monsterinsights_sitenote_active":false,"_monsterinsights_sitenote_note":"","_monsterinsights_sitenote_category":0,"footnotes":""},"class_list":["post-1483","page","type-page","status-publish","hentry"],"aioseo_notices":[],"_links":{"self":[{"href":"https:\/\/chilimosa.com\/en\/wp-json\/wp\/v2\/pages\/1483","targetHints":{"allow":["GET"]}}],"collection":[{"href":"https:\/\/chilimosa.com\/en\/wp-json\/wp\/v2\/pages"}],"about":[{"href":"https:\/\/chilimosa.com\/en\/wp-json\/wp\/v2\/types\/page"}],"author":[{"embeddable":true,"href":"https:\/\/chilimosa.com\/en\/wp-json\/wp\/v2\/users\/1"}],"replies":[{"embeddable":true,"href":"https:\/\/chilimosa.com\/en\/wp-json\/wp\/v2\/comments?post=1483"}],"version-history":[{"count":4,"href":"https:\/\/chilimosa.com\/en\/wp-json\/wp\/v2\/pages\/1483\/revisions"}],"predecessor-version":[{"id":1488,"href":"https:\/\/chilimosa.com\/en\/wp-json\/wp\/v2\/pages\/1483\/revisions\/1488"}],"wp:attachment":[{"href":"https:\/\/chilimosa.com\/en\/wp-json\/wp\/v2\/media?parent=1483"}],"curies":[{"name":"wp","href":"https:\/\/api.w.org\/{rel}","templated":true}]}}